{"id":520,"date":"2022-04-17T22:30:37","date_gmt":"2022-04-17T22:30:37","guid":{"rendered":"https:\/\/joaoflora.com\/lpcollect\/?post_type=product&#038;p=520"},"modified":"2023-02-06T10:20:22","modified_gmt":"2023-02-06T10:20:22","slug":"padrao-azulejo-ii-em-criptomeria","status":"publish","type":"product","link":"https:\/\/joaoflora.com\/lpcollect\/produto\/padrao-azulejo-ii-em-criptomeria\/","title":{"rendered":"Padr\u00e3o Azulejo II em criptom\u00e9ria"},"content":{"rendered":"<p class=\"p1\"><strong>Vinil de padr\u00e3o azulejo gravado a laser e colado sobre base de madeira em criptom\u00e9ria(cedro-japon\u00eas)<\/strong><\/p>\n<p class=\"p1\"><strong>Acabamento e limpeza com lima sobre os cortes<\/strong><\/p>\n<p><strong>Corte de madeira a laser, limpeza e aplica\u00e7\u00e3o de verniz<\/strong><\/p>\n<p class=\"p1\"><strong>Com parafuso gancho, esc\u00e1pula e pit\u00e3o para fixa\u00e7\u00e3o<\/strong><\/p>\n<p>&nbsp;<\/p>\n<p><strong>ENVIO GR\u00c1TIS<\/strong><\/p>\n","protected":false},"excerpt":{"rendered":"<p>Vinil de padr\u00e3o azulejo gravado a laser e colado sobre base de madeira em criptom\u00e9ria(cedro-japon\u00eas) Acabamento e limpeza com lima sobre os cortes Corte de madeira a laser, limpeza e aplica\u00e7\u00e3o de verniz Com parafuso gancho, esc\u00e1pula e pit\u00e3o para fixa\u00e7\u00e3o &nbsp; ENVIO GR\u00c1TIS<\/p>\n","protected":false},"featured_media":515,"template":"","meta":{"nf_dc_page":""},"product_brand":[],"product_cat":[39,38],"product_tag":[90,60,66,64,63,91,92,89,57,62,61,74,65],"class_list":{"0":"post-520","1":"product","2":"type-product","3":"status-publish","4":"has-post-thumbnail","6":"product_cat-criptomeria","7":"product_cat-vinil","8":"product_tag-azulejo","9":"product_tag-cnc","10":"product_tag-criptomeria","11":"product_tag-decoracao","12":"product_tag-decoration","13":"product_tag-disco-de-vinil","14":"product_tag-discos-personalizados","15":"product_tag-lpcollect","16":"product_tag-record","17":"product_tag-style","18":"product_tag-vintage","19":"product_tag-vinyl","20":"product_tag-wood","22":"first","23":"instock","24":"shipping-taxable","25":"purchasable","26":"product-type-simple"},"yoast_head":"<!-- This site is optimized with the Yoast SEO plugin v27.4 - https:\/\/yoast.com\/product\/yoast-seo-wordpress\/ -->\n<title>Padr\u00e3o Azulejo II em criptom\u00e9ria - lpcollect<\/title>\n<meta name=\"robots\" content=\"index, follow, max-snippet:-1, max-image-preview:large, max-video-preview:-1\" \/>\n<link rel=\"canonical\" href=\"https:\/\/joaoflora.com\/lpcollect\/produto\/padrao-azulejo-ii-em-criptomeria\/\" \/>\n<meta property=\"og:locale\" content=\"pt_PT\" \/>\n<meta property=\"og:type\" content=\"article\" \/>\n<meta property=\"og:title\" content=\"Padr\u00e3o Azulejo II em criptom\u00e9ria - lpcollect\" \/>\n<meta property=\"og:description\" content=\"Vinil de padr\u00e3o azulejo gravado a laser e colado sobre base de madeira em criptom\u00e9ria(cedro-japon\u00eas) Acabamento e limpeza com lima sobre os cortes Corte de madeira a laser, limpeza e aplica\u00e7\u00e3o de verniz Com parafuso gancho, esc\u00e1pula e pit\u00e3o para fixa\u00e7\u00e3o &nbsp; ENVIO GR\u00c1TIS\" \/>\n<meta property=\"og:url\" content=\"https:\/\/joaoflora.com\/lpcollect\/produto\/padrao-azulejo-ii-em-criptomeria\/\" \/>\n<meta property=\"og:site_name\" content=\"lpcollect\" \/>\n<meta property=\"article:publisher\" content=\"https:\/\/www.facebook.com\/lpcollect\" \/>\n<meta property=\"article:modified_time\" content=\"2023-02-06T10:20:22+00:00\" \/>\n<meta property=\"og:image\" content=\"https:\/\/joaoflora.com\/lpcollect\/wp-content\/uploads\/2022\/04\/Untitled-design-14-1024x926.png\" \/>\n\t<meta property=\"og:image:width\" content=\"1024\" \/>\n\t<meta property=\"og:image:height\" content=\"926\" \/>\n\t<meta property=\"og:image:type\" content=\"image\/png\" \/>\n<meta name=\"twitter:card\" content=\"summary_large_image\" \/>\n<meta name=\"twitter:label1\" content=\"Tempo estimado de leitura\" \/>\n\t<meta name=\"twitter:data1\" content=\"1 minuto\" \/>\n<script type=\"application\/ld+json\" class=\"yoast-schema-graph\">{\"@context\":\"https:\\\/\\\/schema.org\",\"@graph\":[{\"@type\":\"WebPage\",\"@id\":\"https:\\\/\\\/joaoflora.com\\\/lpcollect\\\/produto\\\/padrao-azulejo-ii-em-criptomeria\\\/\",\"url\":\"https:\\\/\\\/joaoflora.com\\\/lpcollect\\\/produto\\\/padrao-azulejo-ii-em-criptomeria\\\/\",\"name\":\"Padr\u00e3o Azulejo II em criptom\u00e9ria - lpcollect\",\"isPartOf\":{\"@id\":\"https:\\\/\\\/joaoflora.com\\\/lpcollect\\\/#website\"},\"primaryImageOfPage\":{\"@id\":\"https:\\\/\\\/joaoflora.com\\\/lpcollect\\\/produto\\\/padrao-azulejo-ii-em-criptomeria\\\/#primaryimage\"},\"image\":{\"@id\":\"https:\\\/\\\/joaoflora.com\\\/lpcollect\\\/produto\\\/padrao-azulejo-ii-em-criptomeria\\\/#primaryimage\"},\"thumbnailUrl\":\"https:\\\/\\\/i0.wp.com\\\/joaoflora.com\\\/lpcollect\\\/wp-content\\\/uploads\\\/2022\\\/04\\\/Untitled-design-14.png?fit=2048%2C1851&ssl=1\",\"datePublished\":\"2022-04-17T22:30:37+00:00\",\"dateModified\":\"2023-02-06T10:20:22+00:00\",\"breadcrumb\":{\"@id\":\"https:\\\/\\\/joaoflora.com\\\/lpcollect\\\/produto\\\/padrao-azulejo-ii-em-criptomeria\\\/#breadcrumb\"},\"inLanguage\":\"pt-PT\",\"potentialAction\":[{\"@type\":\"ReadAction\",\"target\":[\"https:\\\/\\\/joaoflora.com\\\/lpcollect\\\/produto\\\/padrao-azulejo-ii-em-criptomeria\\\/\"]}]},{\"@type\":\"ImageObject\",\"inLanguage\":\"pt-PT\",\"@id\":\"https:\\\/\\\/joaoflora.com\\\/lpcollect\\\/produto\\\/padrao-azulejo-ii-em-criptomeria\\\/#primaryimage\",\"url\":\"https:\\\/\\\/i0.wp.com\\\/joaoflora.com\\\/lpcollect\\\/wp-content\\\/uploads\\\/2022\\\/04\\\/Untitled-design-14.png?fit=2048%2C1851&ssl=1\",\"contentUrl\":\"https:\\\/\\\/i0.wp.com\\\/joaoflora.com\\\/lpcollect\\\/wp-content\\\/uploads\\\/2022\\\/04\\\/Untitled-design-14.png?fit=2048%2C1851&ssl=1\",\"width\":2048,\"height\":1851},{\"@type\":\"BreadcrumbList\",\"@id\":\"https:\\\/\\\/joaoflora.com\\\/lpcollect\\\/produto\\\/padrao-azulejo-ii-em-criptomeria\\\/#breadcrumb\",\"itemListElement\":[{\"@type\":\"ListItem\",\"position\":1,\"name\":\"In\u00edcio\",\"item\":\"https:\\\/\\\/joaoflora.com\\\/lpcollect\\\/\"},{\"@type\":\"ListItem\",\"position\":2,\"name\":\"Produtos\",\"item\":\"https:\\\/\\\/joaoflora.com\\\/lpcollect\\\/shop\\\/\"},{\"@type\":\"ListItem\",\"position\":3,\"name\":\"Padr\u00e3o Azulejo II em criptom\u00e9ria\"}]},{\"@type\":\"WebSite\",\"@id\":\"https:\\\/\\\/joaoflora.com\\\/lpcollect\\\/#website\",\"url\":\"https:\\\/\\\/joaoflora.com\\\/lpcollect\\\/\",\"name\":\"lpcollect\",\"description\":\"Don&#039;t play what&#039;s there, play what&#039;s not there\",\"publisher\":{\"@id\":\"https:\\\/\\\/joaoflora.com\\\/lpcollect\\\/#\\\/schema\\\/person\\\/2ac13c7a6c6aeb1a3c9c414856da0444\"},\"potentialAction\":[{\"@type\":\"SearchAction\",\"target\":{\"@type\":\"EntryPoint\",\"urlTemplate\":\"https:\\\/\\\/joaoflora.com\\\/lpcollect\\\/?s={search_term_string}\"},\"query-input\":{\"@type\":\"PropertyValueSpecification\",\"valueRequired\":true,\"valueName\":\"search_term_string\"}}],\"inLanguage\":\"pt-PT\"},{\"@type\":[\"Person\",\"Organization\"],\"@id\":\"https:\\\/\\\/joaoflora.com\\\/lpcollect\\\/#\\\/schema\\\/person\\\/2ac13c7a6c6aeb1a3c9c414856da0444\",\"name\":\"jflora\",\"image\":{\"@type\":\"ImageObject\",\"inLanguage\":\"pt-PT\",\"@id\":\"https:\\\/\\\/i0.wp.com\\\/joaoflora.com\\\/lpcollect\\\/wp-content\\\/uploads\\\/2021\\\/04\\\/logo_lpcollect.png?fit=900%2C300&ssl=1\",\"url\":\"https:\\\/\\\/i0.wp.com\\\/joaoflora.com\\\/lpcollect\\\/wp-content\\\/uploads\\\/2021\\\/04\\\/logo_lpcollect.png?fit=900%2C300&ssl=1\",\"contentUrl\":\"https:\\\/\\\/i0.wp.com\\\/joaoflora.com\\\/lpcollect\\\/wp-content\\\/uploads\\\/2021\\\/04\\\/logo_lpcollect.png?fit=900%2C300&ssl=1\",\"width\":900,\"height\":300,\"caption\":\"jflora\"},\"logo\":{\"@id\":\"https:\\\/\\\/i0.wp.com\\\/joaoflora.com\\\/lpcollect\\\/wp-content\\\/uploads\\\/2021\\\/04\\\/logo_lpcollect.png?fit=900%2C300&ssl=1\"},\"sameAs\":[\"https:\\\/\\\/joaoflora.com\\\/lpcollect\",\"https:\\\/\\\/www.facebook.com\\\/lpcollect\",\"https:\\\/\\\/www.pinterest.pt\\\/lpcollect\\\/\"]}]}<\/script>\n<!-- \/ Yoast SEO plugin. -->","yoast_head_json":{"title":"Padr\u00e3o Azulejo II em criptom\u00e9ria - lpcollect","robots":{"index":"index","follow":"follow","max-snippet":"max-snippet:-1","max-image-preview":"max-image-preview:large","max-video-preview":"max-video-preview:-1"},"canonical":"https:\/\/joaoflora.com\/lpcollect\/produto\/padrao-azulejo-ii-em-criptomeria\/","og_locale":"pt_PT","og_type":"article","og_title":"Padr\u00e3o Azulejo II em criptom\u00e9ria - lpcollect","og_description":"Vinil de padr\u00e3o azulejo gravado a laser e colado sobre base de madeira em criptom\u00e9ria(cedro-japon\u00eas) Acabamento e limpeza com lima sobre os cortes Corte de madeira a laser, limpeza e aplica\u00e7\u00e3o de verniz Com parafuso gancho, esc\u00e1pula e pit\u00e3o para fixa\u00e7\u00e3o &nbsp; ENVIO GR\u00c1TIS","og_url":"https:\/\/joaoflora.com\/lpcollect\/produto\/padrao-azulejo-ii-em-criptomeria\/","og_site_name":"lpcollect","article_publisher":"https:\/\/www.facebook.com\/lpcollect","article_modified_time":"2023-02-06T10:20:22+00:00","og_image":[{"width":1024,"height":926,"url":"https:\/\/joaoflora.com\/lpcollect\/wp-content\/uploads\/2022\/04\/Untitled-design-14-1024x926.png","type":"image\/png"}],"twitter_card":"summary_large_image","twitter_misc":{"Tempo estimado de leitura":"1 minuto"},"schema":{"@context":"https:\/\/schema.org","@graph":[{"@type":"WebPage","@id":"https:\/\/joaoflora.com\/lpcollect\/produto\/padrao-azulejo-ii-em-criptomeria\/","url":"https:\/\/joaoflora.com\/lpcollect\/produto\/padrao-azulejo-ii-em-criptomeria\/","name":"Padr\u00e3o Azulejo II em criptom\u00e9ria - lpcollect","isPartOf":{"@id":"https:\/\/joaoflora.com\/lpcollect\/#website"},"primaryImageOfPage":{"@id":"https:\/\/joaoflora.com\/lpcollect\/produto\/padrao-azulejo-ii-em-criptomeria\/#primaryimage"},"image":{"@id":"https:\/\/joaoflora.com\/lpcollect\/produto\/padrao-azulejo-ii-em-criptomeria\/#primaryimage"},"thumbnailUrl":"https:\/\/i0.wp.com\/joaoflora.com\/lpcollect\/wp-content\/uploads\/2022\/04\/Untitled-design-14.png?fit=2048%2C1851&ssl=1","datePublished":"2022-04-17T22:30:37+00:00","dateModified":"2023-02-06T10:20:22+00:00","breadcrumb":{"@id":"https:\/\/joaoflora.com\/lpcollect\/produto\/padrao-azulejo-ii-em-criptomeria\/#breadcrumb"},"inLanguage":"pt-PT","potentialAction":[{"@type":"ReadAction","target":["https:\/\/joaoflora.com\/lpcollect\/produto\/padrao-azulejo-ii-em-criptomeria\/"]}]},{"@type":"ImageObject","inLanguage":"pt-PT","@id":"https:\/\/joaoflora.com\/lpcollect\/produto\/padrao-azulejo-ii-em-criptomeria\/#primaryimage","url":"https:\/\/i0.wp.com\/joaoflora.com\/lpcollect\/wp-content\/uploads\/2022\/04\/Untitled-design-14.png?fit=2048%2C1851&ssl=1","contentUrl":"https:\/\/i0.wp.com\/joaoflora.com\/lpcollect\/wp-content\/uploads\/2022\/04\/Untitled-design-14.png?fit=2048%2C1851&ssl=1","width":2048,"height":1851},{"@type":"BreadcrumbList","@id":"https:\/\/joaoflora.com\/lpcollect\/produto\/padrao-azulejo-ii-em-criptomeria\/#breadcrumb","itemListElement":[{"@type":"ListItem","position":1,"name":"In\u00edcio","item":"https:\/\/joaoflora.com\/lpcollect\/"},{"@type":"ListItem","position":2,"name":"Produtos","item":"https:\/\/joaoflora.com\/lpcollect\/shop\/"},{"@type":"ListItem","position":3,"name":"Padr\u00e3o Azulejo II em criptom\u00e9ria"}]},{"@type":"WebSite","@id":"https:\/\/joaoflora.com\/lpcollect\/#website","url":"https:\/\/joaoflora.com\/lpcollect\/","name":"lpcollect","description":"Don&#039;t play what&#039;s there, play what&#039;s not there","publisher":{"@id":"https:\/\/joaoflora.com\/lpcollect\/#\/schema\/person\/2ac13c7a6c6aeb1a3c9c414856da0444"},"potentialAction":[{"@type":"SearchAction","target":{"@type":"EntryPoint","urlTemplate":"https:\/\/joaoflora.com\/lpcollect\/?s={search_term_string}"},"query-input":{"@type":"PropertyValueSpecification","valueRequired":true,"valueName":"search_term_string"}}],"inLanguage":"pt-PT"},{"@type":["Person","Organization"],"@id":"https:\/\/joaoflora.com\/lpcollect\/#\/schema\/person\/2ac13c7a6c6aeb1a3c9c414856da0444","name":"jflora","image":{"@type":"ImageObject","inLanguage":"pt-PT","@id":"https:\/\/i0.wp.com\/joaoflora.com\/lpcollect\/wp-content\/uploads\/2021\/04\/logo_lpcollect.png?fit=900%2C300&ssl=1","url":"https:\/\/i0.wp.com\/joaoflora.com\/lpcollect\/wp-content\/uploads\/2021\/04\/logo_lpcollect.png?fit=900%2C300&ssl=1","contentUrl":"https:\/\/i0.wp.com\/joaoflora.com\/lpcollect\/wp-content\/uploads\/2021\/04\/logo_lpcollect.png?fit=900%2C300&ssl=1","width":900,"height":300,"caption":"jflora"},"logo":{"@id":"https:\/\/i0.wp.com\/joaoflora.com\/lpcollect\/wp-content\/uploads\/2021\/04\/logo_lpcollect.png?fit=900%2C300&ssl=1"},"sameAs":["https:\/\/joaoflora.com\/lpcollect","https:\/\/www.facebook.com\/lpcollect","https:\/\/www.pinterest.pt\/lpcollect\/"]}]}},"jetpack_sharing_enabled":true,"_links":{"self":[{"href":"https:\/\/joaoflora.com\/lpcollect\/wp-json\/wp\/v2\/product\/520","targetHints":{"allow":["GET"]}}],"collection":[{"href":"https:\/\/joaoflora.com\/lpcollect\/wp-json\/wp\/v2\/product"}],"about":[{"href":"https:\/\/joaoflora.com\/lpcollect\/wp-json\/wp\/v2\/types\/product"}],"wp:featuredmedia":[{"embeddable":true,"href":"https:\/\/joaoflora.com\/lpcollect\/wp-json\/wp\/v2\/media\/515"}],"wp:attachment":[{"href":"https:\/\/joaoflora.com\/lpcollect\/wp-json\/wp\/v2\/media?parent=520"}],"wp:term":[{"taxonomy":"product_brand","embeddable":true,"href":"https:\/\/joaoflora.com\/lpcollect\/wp-json\/wp\/v2\/product_brand?post=520"},{"taxonomy":"product_cat","embeddable":true,"href":"https:\/\/joaoflora.com\/lpcollect\/wp-json\/wp\/v2\/product_cat?post=520"},{"taxonomy":"product_tag","embeddable":true,"href":"https:\/\/joaoflora.com\/lpcollect\/wp-json\/wp\/v2\/product_tag?post=520"}],"curies":[{"name":"wp","href":"https:\/\/api.w.org\/{rel}","templated":true}]}}