{"id":385,"date":"2021-12-13T23:42:46","date_gmt":"2021-12-13T23:42:46","guid":{"rendered":"https:\/\/joaoflora.com\/lpcollect\/?page_id=385"},"modified":"2022-02-01T21:48:40","modified_gmt":"2022-02-01T21:48:40","slug":"faz-o-teu","status":"publish","type":"page","link":"https:\/\/joaoflora.com\/lpcollect\/faz-o-teu\/","title":{"rendered":"Faz o teu"},"content":{"rendered":"\n<figure class=\"wp-block-image size-full\"><img data-recalc-dims=\"1\" loading=\"lazy\" decoding=\"async\" width=\"960\" height=\"720\" src=\"https:\/\/i0.wp.com\/joaoflora.com\/lpcollect\/wp-content\/uploads\/2022\/02\/Global-business-deals1.png?resize=960%2C720&#038;ssl=1\" alt=\"\" class=\"wp-image-430\" srcset=\"https:\/\/i0.wp.com\/joaoflora.com\/lpcollect\/wp-content\/uploads\/2022\/02\/Global-business-deals1.png?w=1024&amp;ssl=1 1024w, https:\/\/i0.wp.com\/joaoflora.com\/lpcollect\/wp-content\/uploads\/2022\/02\/Global-business-deals1.png?resize=300%2C225&amp;ssl=1 300w, https:\/\/i0.wp.com\/joaoflora.com\/lpcollect\/wp-content\/uploads\/2022\/02\/Global-business-deals1.png?resize=768%2C576&amp;ssl=1 768w, https:\/\/i0.wp.com\/joaoflora.com\/lpcollect\/wp-content\/uploads\/2022\/02\/Global-business-deals1.png?resize=600%2C450&amp;ssl=1 600w\" sizes=\"auto, (max-width: 960px) 100vw, 960px\" \/><\/figure>\n\n\n\n<div class=\"wp-block-contact-form-7-contact-form-selector\">\n<div class=\"wpcf7 no-js\" id=\"wpcf7-f7-o1\" lang=\"en-US\" dir=\"ltr\" data-wpcf7-id=\"7\">\n<div class=\"screen-reader-response\"><p role=\"status\" aria-live=\"polite\" aria-atomic=\"true\"><\/p> <ul><\/ul><\/div>\n<form action=\"\/lpcollect\/wp-json\/wp\/v2\/pages\/385#wpcf7-f7-o1\" method=\"post\" class=\"wpcf7-form init\" aria-label=\"Contact form\" novalidate=\"novalidate\" data-status=\"init\">\n<fieldset class=\"hidden-fields-container\"><input type=\"hidden\" name=\"_wpcf7\" value=\"7\" \/><input type=\"hidden\" name=\"_wpcf7_version\" value=\"6.1.5\" \/><input type=\"hidden\" name=\"_wpcf7_locale\" value=\"en_US\" \/><input type=\"hidden\" name=\"_wpcf7_unit_tag\" value=\"wpcf7-f7-o1\" \/><input type=\"hidden\" name=\"_wpcf7_container_post\" value=\"0\" \/><input type=\"hidden\" name=\"_wpcf7_posted_data_hash\" value=\"\" \/>\n<\/fieldset>\n<p><label> Nome<br \/>\n<span class=\"wpcf7-form-control-wrap\" data-name=\"your-name\"><input size=\"40\" maxlength=\"400\" class=\"wpcf7-form-control wpcf7-text wpcf7-validates-as-required\" aria-required=\"true\" aria-invalid=\"false\" value=\"\" type=\"text\" name=\"your-name\" \/><\/span> <\/label>\n<\/p>\n<p><label> Email<br \/>\n<span class=\"wpcf7-form-control-wrap\" data-name=\"your-email\"><input size=\"40\" maxlength=\"400\" class=\"wpcf7-form-control wpcf7-email wpcf7-validates-as-required wpcf7-text wpcf7-validates-as-email\" aria-required=\"true\" aria-invalid=\"false\" value=\"\" type=\"email\" name=\"your-email\" \/><\/span> <\/label>\n<\/p>\n<p><label> Telem\u00f3vel<\/label><br \/>\n<span class=\"wpcf7-form-control-wrap\" data-name=\"tel-231\"><input size=\"40\" maxlength=\"400\" class=\"wpcf7-form-control wpcf7-tel wpcf7-text wpcf7-validates-as-tel\" aria-invalid=\"false\" value=\"\" type=\"tel\" name=\"tel-231\" \/><\/span>\n<\/p>\n<p><label> Descri\u00e7\u00e3o da ideia e\/ou conceito<br \/>\n<span class=\"wpcf7-form-control-wrap\" data-name=\"your-message\"><textarea cols=\"40\" rows=\"10\" maxlength=\"2000\" class=\"wpcf7-form-control wpcf7-textarea\" aria-invalid=\"false\" name=\"your-message\"><\/textarea><\/span> <\/label>\n<\/p>\n<p><input class=\"wpcf7-form-control wpcf7-submit has-spinner\" type=\"submit\" value=\"Submeter\" \/>\n<\/p><p style=\"display: none !important;\" class=\"akismet-fields-container\" data-prefix=\"_wpcf7_ak_\"><label>&#916;<textarea name=\"_wpcf7_ak_hp_textarea\" cols=\"45\" rows=\"8\" maxlength=\"100\"><\/textarea><\/label><input type=\"hidden\" id=\"ak_js_1\" name=\"_wpcf7_ak_js\" value=\"245\"\/><script>document.getElementById( \"ak_js_1\" ).setAttribute( \"value\", ( new Date() ).getTime() );<\/script><\/p><div class=\"wpcf7-response-output\" aria-hidden=\"true\"><\/div>\n<\/form>\n<\/div>\n<\/div>\n","protected":false},"excerpt":{"rendered":"Nome Email Telem\u00f3vel Descri\u00e7\u00e3o da ideia e\/ou conceito &#916;","protected":false},"author":1,"featured_media":0,"parent":0,"menu_order":0,"comment_status":"closed","ping_status":"closed","template":"","meta":{"nf_dc_page":"","footnotes":""},"class_list":["post-385","page","type-page","status-publish","hentry"],"yoast_head":"<!-- This site is optimized with the Yoast SEO plugin v27.4 - https:\/\/yoast.com\/product\/yoast-seo-wordpress\/ -->\n<title>Faz o teu - lpcollect<\/title>\n<meta name=\"robots\" content=\"index, follow, max-snippet:-1, max-image-preview:large, max-video-preview:-1\" \/>\n<link rel=\"canonical\" href=\"https:\/\/joaoflora.com\/lpcollect\/faz-o-teu\/\" \/>\n<meta property=\"og:locale\" content=\"pt_PT\" \/>\n<meta property=\"og:type\" content=\"article\" \/>\n<meta property=\"og:title\" content=\"Faz o teu - lpcollect\" \/>\n<meta property=\"og:url\" content=\"https:\/\/joaoflora.com\/lpcollect\/faz-o-teu\/\" \/>\n<meta property=\"og:site_name\" content=\"lpcollect\" \/>\n<meta property=\"article:publisher\" content=\"https:\/\/www.facebook.com\/lpcollect\" \/>\n<meta property=\"article:modified_time\" content=\"2022-02-01T21:48:40+00:00\" \/>\n<meta property=\"og:image\" content=\"https:\/\/joaoflora.com\/lpcollect\/wp-content\/uploads\/2022\/02\/Global-business-deals1.png\" \/>\n<meta name=\"twitter:card\" content=\"summary_large_image\" \/>\n<script type=\"application\/ld+json\" class=\"yoast-schema-graph\">{\"@context\":\"https:\\\/\\\/schema.org\",\"@graph\":[{\"@type\":\"WebPage\",\"@id\":\"https:\\\/\\\/joaoflora.com\\\/lpcollect\\\/faz-o-teu\\\/\",\"url\":\"https:\\\/\\\/joaoflora.com\\\/lpcollect\\\/faz-o-teu\\\/\",\"name\":\"Faz o teu - lpcollect\",\"isPartOf\":{\"@id\":\"https:\\\/\\\/joaoflora.com\\\/lpcollect\\\/#website\"},\"primaryImageOfPage\":{\"@id\":\"https:\\\/\\\/joaoflora.com\\\/lpcollect\\\/faz-o-teu\\\/#primaryimage\"},\"image\":{\"@id\":\"https:\\\/\\\/joaoflora.com\\\/lpcollect\\\/faz-o-teu\\\/#primaryimage\"},\"thumbnailUrl\":\"https:\\\/\\\/joaoflora.com\\\/lpcollect\\\/wp-content\\\/uploads\\\/2022\\\/02\\\/Global-business-deals1.png\",\"datePublished\":\"2021-12-13T23:42:46+00:00\",\"dateModified\":\"2022-02-01T21:48:40+00:00\",\"breadcrumb\":{\"@id\":\"https:\\\/\\\/joaoflora.com\\\/lpcollect\\\/faz-o-teu\\\/#breadcrumb\"},\"inLanguage\":\"pt-PT\",\"potentialAction\":[{\"@type\":\"ReadAction\",\"target\":[\"https:\\\/\\\/joaoflora.com\\\/lpcollect\\\/faz-o-teu\\\/\"]}]},{\"@type\":\"ImageObject\",\"inLanguage\":\"pt-PT\",\"@id\":\"https:\\\/\\\/joaoflora.com\\\/lpcollect\\\/faz-o-teu\\\/#primaryimage\",\"url\":\"https:\\\/\\\/i0.wp.com\\\/joaoflora.com\\\/lpcollect\\\/wp-content\\\/uploads\\\/2022\\\/02\\\/Global-business-deals1.png?fit=1024%2C768&ssl=1\",\"contentUrl\":\"https:\\\/\\\/i0.wp.com\\\/joaoflora.com\\\/lpcollect\\\/wp-content\\\/uploads\\\/2022\\\/02\\\/Global-business-deals1.png?fit=1024%2C768&ssl=1\",\"width\":1024,\"height\":768},{\"@type\":\"BreadcrumbList\",\"@id\":\"https:\\\/\\\/joaoflora.com\\\/lpcollect\\\/faz-o-teu\\\/#breadcrumb\",\"itemListElement\":[{\"@type\":\"ListItem\",\"position\":1,\"name\":\"In\u00edcio\",\"item\":\"https:\\\/\\\/joaoflora.com\\\/lpcollect\\\/\"},{\"@type\":\"ListItem\",\"position\":2,\"name\":\"Faz o teu\"}]},{\"@type\":\"WebSite\",\"@id\":\"https:\\\/\\\/joaoflora.com\\\/lpcollect\\\/#website\",\"url\":\"https:\\\/\\\/joaoflora.com\\\/lpcollect\\\/\",\"name\":\"lpcollect\",\"description\":\"Don&#039;t play what&#039;s there, play what&#039;s not there\",\"publisher\":{\"@id\":\"https:\\\/\\\/joaoflora.com\\\/lpcollect\\\/#\\\/schema\\\/person\\\/2ac13c7a6c6aeb1a3c9c414856da0444\"},\"potentialAction\":[{\"@type\":\"SearchAction\",\"target\":{\"@type\":\"EntryPoint\",\"urlTemplate\":\"https:\\\/\\\/joaoflora.com\\\/lpcollect\\\/?s={search_term_string}\"},\"query-input\":{\"@type\":\"PropertyValueSpecification\",\"valueRequired\":true,\"valueName\":\"search_term_string\"}}],\"inLanguage\":\"pt-PT\"},{\"@type\":[\"Person\",\"Organization\"],\"@id\":\"https:\\\/\\\/joaoflora.com\\\/lpcollect\\\/#\\\/schema\\\/person\\\/2ac13c7a6c6aeb1a3c9c414856da0444\",\"name\":\"jflora\",\"image\":{\"@type\":\"ImageObject\",\"inLanguage\":\"pt-PT\",\"@id\":\"https:\\\/\\\/i0.wp.com\\\/joaoflora.com\\\/lpcollect\\\/wp-content\\\/uploads\\\/2021\\\/04\\\/logo_lpcollect.png?fit=900%2C300&ssl=1\",\"url\":\"https:\\\/\\\/i0.wp.com\\\/joaoflora.com\\\/lpcollect\\\/wp-content\\\/uploads\\\/2021\\\/04\\\/logo_lpcollect.png?fit=900%2C300&ssl=1\",\"contentUrl\":\"https:\\\/\\\/i0.wp.com\\\/joaoflora.com\\\/lpcollect\\\/wp-content\\\/uploads\\\/2021\\\/04\\\/logo_lpcollect.png?fit=900%2C300&ssl=1\",\"width\":900,\"height\":300,\"caption\":\"jflora\"},\"logo\":{\"@id\":\"https:\\\/\\\/i0.wp.com\\\/joaoflora.com\\\/lpcollect\\\/wp-content\\\/uploads\\\/2021\\\/04\\\/logo_lpcollect.png?fit=900%2C300&ssl=1\"},\"sameAs\":[\"https:\\\/\\\/joaoflora.com\\\/lpcollect\",\"https:\\\/\\\/www.facebook.com\\\/lpcollect\",\"https:\\\/\\\/www.pinterest.pt\\\/lpcollect\\\/\"]}]}<\/script>\n<!-- \/ Yoast SEO plugin. -->","yoast_head_json":{"title":"Faz o teu - lpcollect","robots":{"index":"index","follow":"follow","max-snippet":"max-snippet:-1","max-image-preview":"max-image-preview:large","max-video-preview":"max-video-preview:-1"},"canonical":"https:\/\/joaoflora.com\/lpcollect\/faz-o-teu\/","og_locale":"pt_PT","og_type":"article","og_title":"Faz o teu - lpcollect","og_url":"https:\/\/joaoflora.com\/lpcollect\/faz-o-teu\/","og_site_name":"lpcollect","article_publisher":"https:\/\/www.facebook.com\/lpcollect","article_modified_time":"2022-02-01T21:48:40+00:00","og_image":[{"url":"https:\/\/joaoflora.com\/lpcollect\/wp-content\/uploads\/2022\/02\/Global-business-deals1.png","type":"","width":"","height":""}],"twitter_card":"summary_large_image","schema":{"@context":"https:\/\/schema.org","@graph":[{"@type":"WebPage","@id":"https:\/\/joaoflora.com\/lpcollect\/faz-o-teu\/","url":"https:\/\/joaoflora.com\/lpcollect\/faz-o-teu\/","name":"Faz o teu - lpcollect","isPartOf":{"@id":"https:\/\/joaoflora.com\/lpcollect\/#website"},"primaryImageOfPage":{"@id":"https:\/\/joaoflora.com\/lpcollect\/faz-o-teu\/#primaryimage"},"image":{"@id":"https:\/\/joaoflora.com\/lpcollect\/faz-o-teu\/#primaryimage"},"thumbnailUrl":"https:\/\/joaoflora.com\/lpcollect\/wp-content\/uploads\/2022\/02\/Global-business-deals1.png","datePublished":"2021-12-13T23:42:46+00:00","dateModified":"2022-02-01T21:48:40+00:00","breadcrumb":{"@id":"https:\/\/joaoflora.com\/lpcollect\/faz-o-teu\/#breadcrumb"},"inLanguage":"pt-PT","potentialAction":[{"@type":"ReadAction","target":["https:\/\/joaoflora.com\/lpcollect\/faz-o-teu\/"]}]},{"@type":"ImageObject","inLanguage":"pt-PT","@id":"https:\/\/joaoflora.com\/lpcollect\/faz-o-teu\/#primaryimage","url":"https:\/\/i0.wp.com\/joaoflora.com\/lpcollect\/wp-content\/uploads\/2022\/02\/Global-business-deals1.png?fit=1024%2C768&ssl=1","contentUrl":"https:\/\/i0.wp.com\/joaoflora.com\/lpcollect\/wp-content\/uploads\/2022\/02\/Global-business-deals1.png?fit=1024%2C768&ssl=1","width":1024,"height":768},{"@type":"BreadcrumbList","@id":"https:\/\/joaoflora.com\/lpcollect\/faz-o-teu\/#breadcrumb","itemListElement":[{"@type":"ListItem","position":1,"name":"In\u00edcio","item":"https:\/\/joaoflora.com\/lpcollect\/"},{"@type":"ListItem","position":2,"name":"Faz o teu"}]},{"@type":"WebSite","@id":"https:\/\/joaoflora.com\/lpcollect\/#website","url":"https:\/\/joaoflora.com\/lpcollect\/","name":"lpcollect","description":"Don&#039;t play what&#039;s there, play what&#039;s not there","publisher":{"@id":"https:\/\/joaoflora.com\/lpcollect\/#\/schema\/person\/2ac13c7a6c6aeb1a3c9c414856da0444"},"potentialAction":[{"@type":"SearchAction","target":{"@type":"EntryPoint","urlTemplate":"https:\/\/joaoflora.com\/lpcollect\/?s={search_term_string}"},"query-input":{"@type":"PropertyValueSpecification","valueRequired":true,"valueName":"search_term_string"}}],"inLanguage":"pt-PT"},{"@type":["Person","Organization"],"@id":"https:\/\/joaoflora.com\/lpcollect\/#\/schema\/person\/2ac13c7a6c6aeb1a3c9c414856da0444","name":"jflora","image":{"@type":"ImageObject","inLanguage":"pt-PT","@id":"https:\/\/i0.wp.com\/joaoflora.com\/lpcollect\/wp-content\/uploads\/2021\/04\/logo_lpcollect.png?fit=900%2C300&ssl=1","url":"https:\/\/i0.wp.com\/joaoflora.com\/lpcollect\/wp-content\/uploads\/2021\/04\/logo_lpcollect.png?fit=900%2C300&ssl=1","contentUrl":"https:\/\/i0.wp.com\/joaoflora.com\/lpcollect\/wp-content\/uploads\/2021\/04\/logo_lpcollect.png?fit=900%2C300&ssl=1","width":900,"height":300,"caption":"jflora"},"logo":{"@id":"https:\/\/i0.wp.com\/joaoflora.com\/lpcollect\/wp-content\/uploads\/2021\/04\/logo_lpcollect.png?fit=900%2C300&ssl=1"},"sameAs":["https:\/\/joaoflora.com\/lpcollect","https:\/\/www.facebook.com\/lpcollect","https:\/\/www.pinterest.pt\/lpcollect\/"]}]}},"jetpack_sharing_enabled":true,"_links":{"self":[{"href":"https:\/\/joaoflora.com\/lpcollect\/wp-json\/wp\/v2\/pages\/385","targetHints":{"allow":["GET"]}}],"collection":[{"href":"https:\/\/joaoflora.com\/lpcollect\/wp-json\/wp\/v2\/pages"}],"about":[{"href":"https:\/\/joaoflora.com\/lpcollect\/wp-json\/wp\/v2\/types\/page"}],"author":[{"embeddable":true,"href":"https:\/\/joaoflora.com\/lpcollect\/wp-json\/wp\/v2\/users\/1"}],"replies":[{"embeddable":true,"href":"https:\/\/joaoflora.com\/lpcollect\/wp-json\/wp\/v2\/comments?post=385"}],"version-history":[{"count":2,"href":"https:\/\/joaoflora.com\/lpcollect\/wp-json\/wp\/v2\/pages\/385\/revisions"}],"predecessor-version":[{"id":431,"href":"https:\/\/joaoflora.com\/lpcollect\/wp-json\/wp\/v2\/pages\/385\/revisions\/431"}],"wp:attachment":[{"href":"https:\/\/joaoflora.com\/lpcollect\/wp-json\/wp\/v2\/media?parent=385"}],"curies":[{"name":"wp","href":"https:\/\/api.w.org\/{rel}","templated":true}]}}