{"id":167,"date":"2021-04-28T22:03:57","date_gmt":"2021-04-28T22:03:57","guid":{"rendered":"https:\/\/joaoflora.com\/lpcollect\/?page_id=167"},"modified":"2021-05-07T20:01:13","modified_gmt":"2021-05-07T20:01:13","slug":"sobre","status":"publish","type":"page","link":"https:\/\/joaoflora.com\/lpcollect\/sobre\/","title":{"rendered":"Sobre"},"content":{"rendered":"\n<p class=\"has-normal-font-size\"><strong>LPCollect nasceu de uma vontade de dar nova vida aos discos de vinil em fim de vida, porqu\u00ea deita-los fora quando os podemos reutilizar? Tudo isto surgiu duma conversa de caf\u00e9 entre amigos que n\u00e3o t\u00eam medo de arriscar quando v\u00eam potencialidade nas ideias.<\/strong><\/p>\n\n\n\n<p class=\"has-normal-font-size\"><strong>Numa altura em que reduzir, reutilizar e reciclar s\u00e3o mais importantes do que nunca, porque n\u00e3o usar esse conceito para criar obras de decora\u00e7\u00e3o para todo o tipo de pessoas e conceitos.<\/strong><\/p>\n\n\n<div class=\"su-spacer\" style=\"height:20px\"><\/div>\n\n\n<div class=\"su-divider su-divider-style-dotted\" style=\"margin:15px 0;border-width:3px;border-color:#999999\"><\/div>\n\n\n<div class=\"su-spacer\" style=\"height:20px\"><\/div>\n\n\n\n<p><\/p>\n\n\n\n<h2 class=\"wp-block-heading\"><i class=\"fa fa-fas fa-map-marker-alt \" ><\/i> <strong>Onde<\/strong><span style=\"font-family: -apple-system, BlinkMacSystemFont, 'Segoe UI', Roboto, Oxygen-Sans, Ubuntu, Cantarell, 'Helvetica Neue', sans-serif;\"> <\/span><\/h2>\n\n\n\n<figure class=\"wp-block-pullquote\"><blockquote><p><span style=\"font-family: -apple-system, BlinkMacSystemFont, 'Segoe UI', Roboto, Oxygen-Sans, Ubuntu, Cantarell, 'Helvetica Neue', sans-serif;\"><strong>Sert\u00e3<\/strong><\/span><\/p><\/blockquote><\/figure>\n\n\n\n<h2 class=\"wp-block-heading\"><i class=\"fa fa-far fa-calendar-alt \" ><\/i> <strong>Quando<\/strong> <\/h2>\n\n\n\n<figure class=\"wp-block-pullquote\"><blockquote><p><strong>Uma ideia que surgiu \u00e0 um ano e que desde a\u00ed vem sendo aprimorada, culminando nas pe\u00e7as que est\u00e3o presentes no nosso portfolio<\/strong><\/p><\/blockquote><\/figure>\n\n\n\n<h2 class=\"wp-block-heading\"><i class=\"fa fa-fas fa-industry \" ><\/i> Como<\/h2>\n\n\n\n<figure class=\"wp-block-pullquote\"><blockquote><p><strong>O Foco do projeto \u00e9 o corte dos discos de vinil usando uma frezadora CNC mas outras vertentes do projeto v\u00eam sendo criadas consoante os desafios que nos s\u00e3o propostos<\/strong><\/p><\/blockquote><\/figure>\n\n\n\n<h2 class=\"wp-block-heading\"><i class=\"fa fa-fas fa-recycle \" ><\/i> <strong>Porqu\u00ea<\/strong> <\/h2>\n\n\n\n<figure class=\"wp-block-pullquote\"><blockquote><p><strong>Reduzir, Reutilizar e Reciclar \u00e9 o que nos move e o gosto de fazer pe\u00e7as de arte \u00e9 o que nos faz continuar <\/strong><\/p><\/blockquote><\/figure>\n\n\n\n<h2 class=\"wp-block-heading\"><i class=\"fa fa-fas fa-record-vinyl \" ><\/i> <strong>Cortamos Discos de Vinil<\/strong><\/h2>\n\n\n\n<figure class=\"wp-block-pullquote\"><blockquote><p><strong> E porque n\u00e3o?<\/strong><\/p><\/blockquote><\/figure>\n\n\n<div class=\"su-divider su-divider-style-dotted\" style=\"margin:15px 0;border-width:3px;border-color:#999999\"><\/div>\n\n\n<div class=\"su-spacer\" style=\"height:20px\"><\/div>\n\n\n\n<h2 class=\"wp-block-heading\"><strong>A pol\u00edtica dos 3 Rs<\/strong> <\/h2>\n\n\n\n<p><strong>A evolu\u00e7\u00e3o da quantidade de produtos dispon\u00edveis no mercado e da forma como estes s\u00e3o colocados \u00e0 disposi\u00e7\u00e3o do consumidor tem conduzido a um aumento significativo da produ\u00e7\u00e3o de res\u00edduos. Este crescimento tem conduzido a um largo debate envolvendo v\u00e1rias quest\u00f5es ambientais associadas \u00e0 sustentabilidade do planeta, num cen\u00e1rio em que o aumento do consumo se reflecte proporcionalmente na quantidade de res\u00edduos que \u00e9 necess\u00e1rio eliminar. Na busca pela minimiza\u00e7\u00e3o dos danos causados ao meio ambiente pelo excesso de lixo produzido e pela explora\u00e7\u00e3o exagerada dos recursos naturais, surgiram algumas alternativas importantes de a\u00e7\u00e3o preventiva, como a redu\u00e7\u00e3o, a reutiliza\u00e7\u00e3o e a reciclagem. Estas a\u00e7\u00f5es, chamadas de \u201ca pol\u00edtica dos 3 Rs\u201d, visam reduzir a gera\u00e7\u00e3o de res\u00edduos e transformar alguns res\u00edduos em um novo produto. Os 3 Rs fazem parte de um processo educativo que tem o objetivo de modificar os h\u00e1bitos da sociedade no que diz respeito ao consumo exagerado e ao desperd\u00edcio. Os 3 Rs da sustentabilidade devem ser entendidos por ordem de import\u00e2ncia. Assim, o primeiro passo \u00e9 tentar reduzir ao m\u00e1ximo. Em seguida, a reutiliza\u00e7\u00e3o de um produto deve ser aplicada sempre que poss\u00edvel. Por \u00faltimo, quando um material precisar ser realmente descartado, podemos aplicar a reciclagem.<\/strong><\/p>\n\n\n\n<p><\/p>\n","protected":false},"excerpt":{"rendered":"<p>LPCollect nasceu de uma vontade de dar nova vida aos discos de vinil em fim de vida, porqu\u00ea deita-los fora quando os podemos reutilizar? Tudo isto surgiu duma conversa de caf\u00e9 entre amigos que n\u00e3o t\u00eam medo de arriscar quando v\u00eam potencialidade nas ideias. Numa altura em que reduzir, reutilizar e reciclar s\u00e3o mais importantes do que nunca, porque n\u00e3o usar esse conceito para criar obras de decora\u00e7\u00e3o para todo o tipo de pessoas e conceitos. Onde Sert\u00e3 Quando Uma<\/p>\n<p><a class=\"margin_30 btn\" href=\"https:\/\/joaoflora.com\/lpcollect\/sobre\/\" >READ MORE<\/a><\/p>\n","protected":false},"author":1,"featured_media":0,"parent":0,"menu_order":0,"comment_status":"closed","ping_status":"closed","template":"","meta":{"nf_dc_page":"","footnotes":""},"class_list":["post-167","page","type-page","status-publish","hentry"],"yoast_head":"<!-- This site is optimized with the Yoast SEO plugin v27.4 - https:\/\/yoast.com\/product\/yoast-seo-wordpress\/ -->\n<title>Sobre - lpcollect<\/title>\n<meta name=\"robots\" content=\"index, follow, max-snippet:-1, max-image-preview:large, max-video-preview:-1\" \/>\n<link rel=\"canonical\" href=\"https:\/\/joaoflora.com\/lpcollect\/sobre\/\" \/>\n<meta property=\"og:locale\" content=\"pt_PT\" \/>\n<meta property=\"og:type\" content=\"article\" \/>\n<meta property=\"og:title\" content=\"Sobre - lpcollect\" \/>\n<meta property=\"og:description\" content=\"LPCollect nasceu de uma vontade de dar nova vida aos discos de vinil em fim de vida, porqu\u00ea deita-los fora quando os podemos reutilizar? Tudo isto surgiu duma conversa de caf\u00e9 entre amigos que n\u00e3o t\u00eam medo de arriscar quando v\u00eam potencialidade nas ideias. Numa altura em que reduzir, reutilizar e reciclar s\u00e3o mais importantes do que nunca, porque n\u00e3o usar esse conceito para criar obras de decora\u00e7\u00e3o para todo o tipo de pessoas e conceitos. Onde Sert\u00e3 Quando UmaREAD MORE\" \/>\n<meta property=\"og:url\" content=\"https:\/\/joaoflora.com\/lpcollect\/sobre\/\" \/>\n<meta property=\"og:site_name\" content=\"lpcollect\" \/>\n<meta property=\"article:publisher\" content=\"https:\/\/www.facebook.com\/lpcollect\" \/>\n<meta property=\"article:modified_time\" content=\"2021-05-07T20:01:13+00:00\" \/>\n<meta name=\"twitter:card\" content=\"summary_large_image\" \/>\n<meta name=\"twitter:label1\" content=\"Tempo estimado de leitura\" \/>\n\t<meta name=\"twitter:data1\" content=\"2 minutos\" \/>\n<script type=\"application\/ld+json\" class=\"yoast-schema-graph\">{\"@context\":\"https:\\\/\\\/schema.org\",\"@graph\":[{\"@type\":\"WebPage\",\"@id\":\"https:\\\/\\\/joaoflora.com\\\/lpcollect\\\/sobre\\\/\",\"url\":\"https:\\\/\\\/joaoflora.com\\\/lpcollect\\\/sobre\\\/\",\"name\":\"Sobre - lpcollect\",\"isPartOf\":{\"@id\":\"https:\\\/\\\/joaoflora.com\\\/lpcollect\\\/#website\"},\"datePublished\":\"2021-04-28T22:03:57+00:00\",\"dateModified\":\"2021-05-07T20:01:13+00:00\",\"breadcrumb\":{\"@id\":\"https:\\\/\\\/joaoflora.com\\\/lpcollect\\\/sobre\\\/#breadcrumb\"},\"inLanguage\":\"pt-PT\",\"potentialAction\":[{\"@type\":\"ReadAction\",\"target\":[\"https:\\\/\\\/joaoflora.com\\\/lpcollect\\\/sobre\\\/\"]}]},{\"@type\":\"BreadcrumbList\",\"@id\":\"https:\\\/\\\/joaoflora.com\\\/lpcollect\\\/sobre\\\/#breadcrumb\",\"itemListElement\":[{\"@type\":\"ListItem\",\"position\":1,\"name\":\"In\u00edcio\",\"item\":\"https:\\\/\\\/joaoflora.com\\\/lpcollect\\\/\"},{\"@type\":\"ListItem\",\"position\":2,\"name\":\"Sobre\"}]},{\"@type\":\"WebSite\",\"@id\":\"https:\\\/\\\/joaoflora.com\\\/lpcollect\\\/#website\",\"url\":\"https:\\\/\\\/joaoflora.com\\\/lpcollect\\\/\",\"name\":\"lpcollect\",\"description\":\"Don&#039;t play what&#039;s there, play what&#039;s not there\",\"publisher\":{\"@id\":\"https:\\\/\\\/joaoflora.com\\\/lpcollect\\\/#\\\/schema\\\/person\\\/2ac13c7a6c6aeb1a3c9c414856da0444\"},\"potentialAction\":[{\"@type\":\"SearchAction\",\"target\":{\"@type\":\"EntryPoint\",\"urlTemplate\":\"https:\\\/\\\/joaoflora.com\\\/lpcollect\\\/?s={search_term_string}\"},\"query-input\":{\"@type\":\"PropertyValueSpecification\",\"valueRequired\":true,\"valueName\":\"search_term_string\"}}],\"inLanguage\":\"pt-PT\"},{\"@type\":[\"Person\",\"Organization\"],\"@id\":\"https:\\\/\\\/joaoflora.com\\\/lpcollect\\\/#\\\/schema\\\/person\\\/2ac13c7a6c6aeb1a3c9c414856da0444\",\"name\":\"jflora\",\"image\":{\"@type\":\"ImageObject\",\"inLanguage\":\"pt-PT\",\"@id\":\"https:\\\/\\\/i0.wp.com\\\/joaoflora.com\\\/lpcollect\\\/wp-content\\\/uploads\\\/2021\\\/04\\\/logo_lpcollect.png?fit=900%2C300&ssl=1\",\"url\":\"https:\\\/\\\/i0.wp.com\\\/joaoflora.com\\\/lpcollect\\\/wp-content\\\/uploads\\\/2021\\\/04\\\/logo_lpcollect.png?fit=900%2C300&ssl=1\",\"contentUrl\":\"https:\\\/\\\/i0.wp.com\\\/joaoflora.com\\\/lpcollect\\\/wp-content\\\/uploads\\\/2021\\\/04\\\/logo_lpcollect.png?fit=900%2C300&ssl=1\",\"width\":900,\"height\":300,\"caption\":\"jflora\"},\"logo\":{\"@id\":\"https:\\\/\\\/i0.wp.com\\\/joaoflora.com\\\/lpcollect\\\/wp-content\\\/uploads\\\/2021\\\/04\\\/logo_lpcollect.png?fit=900%2C300&ssl=1\"},\"sameAs\":[\"https:\\\/\\\/joaoflora.com\\\/lpcollect\",\"https:\\\/\\\/www.facebook.com\\\/lpcollect\",\"https:\\\/\\\/www.pinterest.pt\\\/lpcollect\\\/\"]}]}<\/script>\n<!-- \/ Yoast SEO plugin. -->","yoast_head_json":{"title":"Sobre - lpcollect","robots":{"index":"index","follow":"follow","max-snippet":"max-snippet:-1","max-image-preview":"max-image-preview:large","max-video-preview":"max-video-preview:-1"},"canonical":"https:\/\/joaoflora.com\/lpcollect\/sobre\/","og_locale":"pt_PT","og_type":"article","og_title":"Sobre - lpcollect","og_description":"LPCollect nasceu de uma vontade de dar nova vida aos discos de vinil em fim de vida, porqu\u00ea deita-los fora quando os podemos reutilizar? Tudo isto surgiu duma conversa de caf\u00e9 entre amigos que n\u00e3o t\u00eam medo de arriscar quando v\u00eam potencialidade nas ideias. Numa altura em que reduzir, reutilizar e reciclar s\u00e3o mais importantes do que nunca, porque n\u00e3o usar esse conceito para criar obras de decora\u00e7\u00e3o para todo o tipo de pessoas e conceitos. Onde Sert\u00e3 Quando UmaREAD MORE","og_url":"https:\/\/joaoflora.com\/lpcollect\/sobre\/","og_site_name":"lpcollect","article_publisher":"https:\/\/www.facebook.com\/lpcollect","article_modified_time":"2021-05-07T20:01:13+00:00","twitter_card":"summary_large_image","twitter_misc":{"Tempo estimado de leitura":"2 minutos"},"schema":{"@context":"https:\/\/schema.org","@graph":[{"@type":"WebPage","@id":"https:\/\/joaoflora.com\/lpcollect\/sobre\/","url":"https:\/\/joaoflora.com\/lpcollect\/sobre\/","name":"Sobre - lpcollect","isPartOf":{"@id":"https:\/\/joaoflora.com\/lpcollect\/#website"},"datePublished":"2021-04-28T22:03:57+00:00","dateModified":"2021-05-07T20:01:13+00:00","breadcrumb":{"@id":"https:\/\/joaoflora.com\/lpcollect\/sobre\/#breadcrumb"},"inLanguage":"pt-PT","potentialAction":[{"@type":"ReadAction","target":["https:\/\/joaoflora.com\/lpcollect\/sobre\/"]}]},{"@type":"BreadcrumbList","@id":"https:\/\/joaoflora.com\/lpcollect\/sobre\/#breadcrumb","itemListElement":[{"@type":"ListItem","position":1,"name":"In\u00edcio","item":"https:\/\/joaoflora.com\/lpcollect\/"},{"@type":"ListItem","position":2,"name":"Sobre"}]},{"@type":"WebSite","@id":"https:\/\/joaoflora.com\/lpcollect\/#website","url":"https:\/\/joaoflora.com\/lpcollect\/","name":"lpcollect","description":"Don&#039;t play what&#039;s there, play what&#039;s not there","publisher":{"@id":"https:\/\/joaoflora.com\/lpcollect\/#\/schema\/person\/2ac13c7a6c6aeb1a3c9c414856da0444"},"potentialAction":[{"@type":"SearchAction","target":{"@type":"EntryPoint","urlTemplate":"https:\/\/joaoflora.com\/lpcollect\/?s={search_term_string}"},"query-input":{"@type":"PropertyValueSpecification","valueRequired":true,"valueName":"search_term_string"}}],"inLanguage":"pt-PT"},{"@type":["Person","Organization"],"@id":"https:\/\/joaoflora.com\/lpcollect\/#\/schema\/person\/2ac13c7a6c6aeb1a3c9c414856da0444","name":"jflora","image":{"@type":"ImageObject","inLanguage":"pt-PT","@id":"https:\/\/i0.wp.com\/joaoflora.com\/lpcollect\/wp-content\/uploads\/2021\/04\/logo_lpcollect.png?fit=900%2C300&ssl=1","url":"https:\/\/i0.wp.com\/joaoflora.com\/lpcollect\/wp-content\/uploads\/2021\/04\/logo_lpcollect.png?fit=900%2C300&ssl=1","contentUrl":"https:\/\/i0.wp.com\/joaoflora.com\/lpcollect\/wp-content\/uploads\/2021\/04\/logo_lpcollect.png?fit=900%2C300&ssl=1","width":900,"height":300,"caption":"jflora"},"logo":{"@id":"https:\/\/i0.wp.com\/joaoflora.com\/lpcollect\/wp-content\/uploads\/2021\/04\/logo_lpcollect.png?fit=900%2C300&ssl=1"},"sameAs":["https:\/\/joaoflora.com\/lpcollect","https:\/\/www.facebook.com\/lpcollect","https:\/\/www.pinterest.pt\/lpcollect\/"]}]}},"jetpack_sharing_enabled":true,"_links":{"self":[{"href":"https:\/\/joaoflora.com\/lpcollect\/wp-json\/wp\/v2\/pages\/167","targetHints":{"allow":["GET"]}}],"collection":[{"href":"https:\/\/joaoflora.com\/lpcollect\/wp-json\/wp\/v2\/pages"}],"about":[{"href":"https:\/\/joaoflora.com\/lpcollect\/wp-json\/wp\/v2\/types\/page"}],"author":[{"embeddable":true,"href":"https:\/\/joaoflora.com\/lpcollect\/wp-json\/wp\/v2\/users\/1"}],"replies":[{"embeddable":true,"href":"https:\/\/joaoflora.com\/lpcollect\/wp-json\/wp\/v2\/comments?post=167"}],"version-history":[{"count":44,"href":"https:\/\/joaoflora.com\/lpcollect\/wp-json\/wp\/v2\/pages\/167\/revisions"}],"predecessor-version":[{"id":267,"href":"https:\/\/joaoflora.com\/lpcollect\/wp-json\/wp\/v2\/pages\/167\/revisions\/267"}],"wp:attachment":[{"href":"https:\/\/joaoflora.com\/lpcollect\/wp-json\/wp\/v2\/media?parent=167"}],"curies":[{"name":"wp","href":"https:\/\/api.w.org\/{rel}","templated":true}]}}